{"id":669,"date":"2025-01-30T13:12:24","date_gmt":"2025-01-30T12:12:24","guid":{"rendered":"https:\/\/atraktivnyvidiek.sk\/?page_id=669"},"modified":"2025-01-31T19:08:38","modified_gmt":"2025-01-31T18:08:38","slug":"my-account","status":"publish","type":"page","link":"https:\/\/atraktivnyvidiek.sk\/?page_id=669","title":{"rendered":"M\u00f4j \u00fa\u010det"},"content":{"rendered":"<div id=\"user-registration\" class=\"user-registration\">\n<div class=\"ur-frontend-form login  \" id=\"ur-frontend-form\">\n\t\t<form class=\"user-registration-form user-registration-form-login login\" method=\"post\">\n\t\t<div class=\"ur-form-row\">\n\t\t\t<div class=\"ur-form-grid\">\n\t\t\t\t\t\t\t\t\t\t\t\t<div\n\t\t\t\t\tclass=\" user-registration-form-row user-registration-form-row--wide form-row form-row-wide\"\n\t\t\t\t\tdata-field=\"username\">\n\t\t\t\t\t<label for=\"username\">Pou\u017e\u00edvate\u013esk\u00e9 meno alebo email <span class=\"required\">*<\/span><\/label>\t\t\t\t\t<span class=\"input-wrapper\">\n\t\t\t\t\t\t<input placeholder=\"Zadajte svoje pou\u017e\u00edvate\u013esk\u00e9 meno alebo email\" type=\"text\"\n\t\t\t\t\t\t\t\tclass=\"user-registration-Input user-registration-Input--text input-text\" name=\"username\"\n\t\t\t\t\t\t\t\tid=\"username\"\n\t\t\t\t\t\t\t   value=\"\"\n\t\t\t\t\t\t\t\tstyle=\"\"\n\t\t\t\t\t\t\t\t\t\t\t\t\t\t\/>\n\t\t\t\t\t\t\t\t\t\t\t\t<\/span>\n\t\t\t\t<\/div>\n\t\t\t\t\t\t\t\t\t<div\n\t\t\t\t\t\tclass=\" user-registration-form-row user-registration-form-row--wide form-row form-row-wide hide_show_password\"\n\t\t\t\t\t\tdata-field=\"password\">\n\t\t\t\t\t\t<label for=\"password\">Heslo <span class=\"required\">*<\/span><\/label>\t\t\t\t\t\t<span class=\"input-wrapper\">\n\t\t\t\t\t\t<span class=\"password-input-group\">\n\t\t\t\t\t\t<input\n\t\t\t\t\t\t\tplaceholder=\"Zadajte svoje heslo\"\n\t\t\t\t\t\t\tclass=\"user-registration-Input user-registration-Input--text input-text\" type=\"password\"\n\t\t\t\t\t\t\tname=\"password\" id=\"password\"\n\t\t\t\t\t\t\tstyle=\"\"\n\t\t\t\t\t\t\t\t\t\t\t\t\t\/>\n\n\t\t\t\t\t\t\t\t\t\t\t\t<a href=\"javaScript:void(0)\" class=\"password_preview dashicons dashicons-hidden\"\n\t\t\t\t\t\t\ttitle=\"Zobrazi\u0165 heslo\"><\/a>\n\t\t\t\t\t\t<\/span>\n\t\t\t\t\t\t\t\t\t\t\t\t\t\t\t\t\t\t\t\t<\/span>\n\t\t\t\t\t<\/div>\n\t\t\t\t\t\t\t\t\n\t\t\t\t\t\t\t\t<div class=\"form-row\">\n\t\t\t\t\t<input type=\"hidden\" id=\"user-registration-login-nonce\" name=\"user-registration-login-nonce\" value=\"5d1a7790e1\" \/><input type=\"hidden\" name=\"_wp_http_referer\" value=\"\/index.php?rest_route=%2Fwp%2Fv2%2Fpages%2F669\" \/>\t\t\t\t\t\t<div class=\"user-registration-before-login-btn\">\n\t\t\t\t\t\t\t\t\t\t\t\t\t\t\t<div class=\"\" data-field=\"remember-me\">\n\t\t\t\t\t\t\t\t\t<label\n\t\t\t\t\t\t\t\t\t\tclass=\"user-registration-form__label user-registration-form__label-for-checkbox inline\">\n\t\t\t\t\t\t\t\t\t\t<input\n\t\t\t\t\t\t\t\t\t\t\tclass=\"user-registration-form__input user-registration-form__input-checkbox\"\n\t\t\t\t\t\t\t\t\t\t\tname=\"rememberme\" type=\"checkbox\" id=\"rememberme\" value=\"forever\"\n\t\t\t\t\t\t\t\t\t\t\t\t\t\t\t\t\t\t\t\t\t\/>\n\t\t\t\t\t\t\t\t\t\t<span>Zapam\u00e4taj si ma<\/span>\n\t\t\t\t\t\t\t\t\t<\/label>\n\t\t\t\t\t\t\t\t<\/div>\n\t\t\t\t\t\t\t\t\t\t\t\t\t\t\t\t\t\t\t\t\t\t\t<div data-field=\"lost-password\"\n\t\t\t\t\t\t\t\t\tclass=\"user-registration-LostPassword lost_password \">\n\t\t\t\t\t\t\t\t\t<label\n\t\t\t\t\t\t\t\t\t\tclass=\"user-registration-form__label user-registration-form__label-for-checkbox inline\">\n\t\t\t\t\t\t\t\t\t\t<a href=\"https:\/\/atraktivnyvidiek.sk\/?page_id=669&#038;lost-password\">Zabudli ste heslo?<\/a>\n\t\t\t\t\t\t\t\t\t<\/label>\n\t\t\t\t\t\t\t\t<\/div>\n\t\t\t\t\t\t\t\t\t\t\t\t\t\t<\/div>\n\t\t\t\t\t\t\t\t\t\t<\/div>\n\t\t\t\t<div data-field=\"login-button\" class=\"\">\n\t\t\t\t\t\t\t\t\t\t\t\t\t\t\t\t<button type=\"submit\"\n\t\t\t\t\t\t\t\tclass=\"user-registration-Button button ur-submit-button  \"\n\t\t\t\t\t\t\t\tname=\"login\"\n\t\t\t\t\t\t\t\tvalue=\"Prihl\u00e1senie\">Prihl\u00e1senie<\/button>\n\t\t\t\t\t\t\t\t\t<\/div>\n\t\t\t\t<input type=\"hidden\" name=\"redirect\"\n\t\t\t\t\t\tvalue=\"\"\/>\n\t\t\t\t<input type=\"hidden\" name=\"previous_page\" value=\"\"\/>\n\t\t\t\t<div class=\"user-registration-register register \" data-field=\"registration-setting\">\t\t\t\t\t\t\t<a href=\"https:\/\/atraktivnyvidiek.sk\/?page_id=663\"> E\u0161te nem\u00e1te vytvoren\u00fd \u00fa\u010det? Zaregistrujte sa teraz.\t\t\t\t\t\t<\/a>\n\t\t\t\t\t\t<\/div>\t\t\t\t\t\t\t<\/div>\n\t\t<\/div>\n\t<\/form>\n<\/div>\n\n<\/div>\n","protected":false},"excerpt":{"rendered":"","protected":false},"author":1,"featured_media":0,"parent":0,"menu_order":0,"comment_status":"closed","ping_status":"closed","template":"","meta":{"_bbp_topic_count":0,"_bbp_reply_count":0,"_bbp_total_topic_count":0,"_bbp_total_reply_count":0,"_bbp_voice_count":0,"_bbp_anonymous_reply_count":0,"_bbp_topic_count_hidden":0,"_bbp_reply_count_hidden":0,"_bbp_forum_subforum_count":0,"footnotes":""},"class_list":["post-669","page","type-page","status-publish","hentry"],"yoast_head":"<!-- This site is optimized with the Yoast SEO plugin v26.8 - https:\/\/yoast.com\/product\/yoast-seo-wordpress\/ -->\n<title>M\u00f4j \u00fa\u010det - Atrakt\u00edvny vidiek<\/title>\n<meta name=\"robots\" content=\"index, follow, max-snippet:-1, max-image-preview:large, max-video-preview:-1\" \/>\n<link rel=\"canonical\" href=\"https:\/\/atraktivnyvidiek.sk\/?page_id=669\" \/>\n<meta property=\"og:locale\" content=\"sk_SK\" \/>\n<meta property=\"og:type\" content=\"article\" \/>\n<meta property=\"og:title\" content=\"M\u00f4j \u00fa\u010det - Atrakt\u00edvny vidiek\" \/>\n<meta property=\"og:url\" content=\"https:\/\/atraktivnyvidiek.sk\/?page_id=669\" \/>\n<meta property=\"og:site_name\" content=\"Atrakt\u00edvny vidiek\" \/>\n<meta property=\"article:modified_time\" content=\"2025-01-31T18:08:38+00:00\" \/>\n<meta name=\"twitter:card\" content=\"summary_large_image\" \/>\n<meta name=\"twitter:label1\" content=\"Predpokladan\u00fd \u010das \u010d\u00edtania\" \/>\n\t<meta name=\"twitter:data1\" content=\"1 min\u00fata\" \/>\n<script type=\"application\/ld+json\" class=\"yoast-schema-graph\">{\"@context\":\"https:\/\/schema.org\",\"@graph\":[{\"@type\":\"WebPage\",\"@id\":\"https:\/\/atraktivnyvidiek.sk\/?page_id=669\",\"url\":\"https:\/\/atraktivnyvidiek.sk\/?page_id=669\",\"name\":\"M\u00f4j \u00fa\u010det - Atrakt\u00edvny vidiek\",\"isPartOf\":{\"@id\":\"https:\/\/atraktivnyvidiek.sk\/#website\"},\"datePublished\":\"2025-01-30T12:12:24+00:00\",\"dateModified\":\"2025-01-31T18:08:38+00:00\",\"breadcrumb\":{\"@id\":\"https:\/\/atraktivnyvidiek.sk\/?page_id=669#breadcrumb\"},\"inLanguage\":\"sk-SK\",\"potentialAction\":[{\"@type\":\"ReadAction\",\"target\":[\"https:\/\/atraktivnyvidiek.sk\/?page_id=669\"]}]},{\"@type\":\"BreadcrumbList\",\"@id\":\"https:\/\/atraktivnyvidiek.sk\/?page_id=669#breadcrumb\",\"itemListElement\":[{\"@type\":\"ListItem\",\"position\":1,\"name\":\"Home\",\"item\":\"https:\/\/atraktivnyvidiek.sk\/\"},{\"@type\":\"ListItem\",\"position\":2,\"name\":\"M\u00f4j \u00fa\u010det\"}]},{\"@type\":\"WebSite\",\"@id\":\"https:\/\/atraktivnyvidiek.sk\/#website\",\"url\":\"https:\/\/atraktivnyvidiek.sk\/\",\"name\":\"Atrakt\u00edvny vidiek\",\"description\":\"\",\"publisher\":{\"@id\":\"https:\/\/atraktivnyvidiek.sk\/#organization\"},\"potentialAction\":[{\"@type\":\"SearchAction\",\"target\":{\"@type\":\"EntryPoint\",\"urlTemplate\":\"https:\/\/atraktivnyvidiek.sk\/?s={search_term_string}\"},\"query-input\":{\"@type\":\"PropertyValueSpecification\",\"valueRequired\":true,\"valueName\":\"search_term_string\"}}],\"inLanguage\":\"sk-SK\"},{\"@type\":\"Organization\",\"@id\":\"https:\/\/atraktivnyvidiek.sk\/#organization\",\"name\":\"Atrakt\u00edvny vidiek\",\"url\":\"https:\/\/atraktivnyvidiek.sk\/\",\"logo\":{\"@type\":\"ImageObject\",\"inLanguage\":\"sk-SK\",\"@id\":\"https:\/\/atraktivnyvidiek.sk\/#\/schema\/logo\/image\/\",\"url\":\"https:\/\/atraktivnyvidiek.sk\/wp-content\/uploads\/2025\/01\/av_logo_horiz_800.png\",\"contentUrl\":\"https:\/\/atraktivnyvidiek.sk\/wp-content\/uploads\/2025\/01\/av_logo_horiz_800.png\",\"width\":800,\"height\":213,\"caption\":\"Atrakt\u00edvny vidiek\"},\"image\":{\"@id\":\"https:\/\/atraktivnyvidiek.sk\/#\/schema\/logo\/image\/\"}}]}<\/script>\n<!-- \/ Yoast SEO plugin. -->","yoast_head_json":{"title":"M\u00f4j \u00fa\u010det - Atrakt\u00edvny vidiek","robots":{"index":"index","follow":"follow","max-snippet":"max-snippet:-1","max-image-preview":"max-image-preview:large","max-video-preview":"max-video-preview:-1"},"canonical":"https:\/\/atraktivnyvidiek.sk\/?page_id=669","og_locale":"sk_SK","og_type":"article","og_title":"M\u00f4j \u00fa\u010det - Atrakt\u00edvny vidiek","og_url":"https:\/\/atraktivnyvidiek.sk\/?page_id=669","og_site_name":"Atrakt\u00edvny vidiek","article_modified_time":"2025-01-31T18:08:38+00:00","twitter_card":"summary_large_image","twitter_misc":{"Predpokladan\u00fd \u010das \u010d\u00edtania":"1 min\u00fata"},"schema":{"@context":"https:\/\/schema.org","@graph":[{"@type":"WebPage","@id":"https:\/\/atraktivnyvidiek.sk\/?page_id=669","url":"https:\/\/atraktivnyvidiek.sk\/?page_id=669","name":"M\u00f4j \u00fa\u010det - Atrakt\u00edvny vidiek","isPartOf":{"@id":"https:\/\/atraktivnyvidiek.sk\/#website"},"datePublished":"2025-01-30T12:12:24+00:00","dateModified":"2025-01-31T18:08:38+00:00","breadcrumb":{"@id":"https:\/\/atraktivnyvidiek.sk\/?page_id=669#breadcrumb"},"inLanguage":"sk-SK","potentialAction":[{"@type":"ReadAction","target":["https:\/\/atraktivnyvidiek.sk\/?page_id=669"]}]},{"@type":"BreadcrumbList","@id":"https:\/\/atraktivnyvidiek.sk\/?page_id=669#breadcrumb","itemListElement":[{"@type":"ListItem","position":1,"name":"Home","item":"https:\/\/atraktivnyvidiek.sk\/"},{"@type":"ListItem","position":2,"name":"M\u00f4j \u00fa\u010det"}]},{"@type":"WebSite","@id":"https:\/\/atraktivnyvidiek.sk\/#website","url":"https:\/\/atraktivnyvidiek.sk\/","name":"Atrakt\u00edvny vidiek","description":"","publisher":{"@id":"https:\/\/atraktivnyvidiek.sk\/#organization"},"potentialAction":[{"@type":"SearchAction","target":{"@type":"EntryPoint","urlTemplate":"https:\/\/atraktivnyvidiek.sk\/?s={search_term_string}"},"query-input":{"@type":"PropertyValueSpecification","valueRequired":true,"valueName":"search_term_string"}}],"inLanguage":"sk-SK"},{"@type":"Organization","@id":"https:\/\/atraktivnyvidiek.sk\/#organization","name":"Atrakt\u00edvny vidiek","url":"https:\/\/atraktivnyvidiek.sk\/","logo":{"@type":"ImageObject","inLanguage":"sk-SK","@id":"https:\/\/atraktivnyvidiek.sk\/#\/schema\/logo\/image\/","url":"https:\/\/atraktivnyvidiek.sk\/wp-content\/uploads\/2025\/01\/av_logo_horiz_800.png","contentUrl":"https:\/\/atraktivnyvidiek.sk\/wp-content\/uploads\/2025\/01\/av_logo_horiz_800.png","width":800,"height":213,"caption":"Atrakt\u00edvny vidiek"},"image":{"@id":"https:\/\/atraktivnyvidiek.sk\/#\/schema\/logo\/image\/"}}]}},"_links":{"self":[{"href":"https:\/\/atraktivnyvidiek.sk\/index.php?rest_route=\/wp\/v2\/pages\/669","targetHints":{"allow":["GET"]}}],"collection":[{"href":"https:\/\/atraktivnyvidiek.sk\/index.php?rest_route=\/wp\/v2\/pages"}],"about":[{"href":"https:\/\/atraktivnyvidiek.sk\/index.php?rest_route=\/wp\/v2\/types\/page"}],"author":[{"embeddable":true,"href":"https:\/\/atraktivnyvidiek.sk\/index.php?rest_route=\/wp\/v2\/users\/1"}],"replies":[{"embeddable":true,"href":"https:\/\/atraktivnyvidiek.sk\/index.php?rest_route=%2Fwp%2Fv2%2Fcomments&post=669"}],"version-history":[{"count":3,"href":"https:\/\/atraktivnyvidiek.sk\/index.php?rest_route=\/wp\/v2\/pages\/669\/revisions"}],"predecessor-version":[{"id":769,"href":"https:\/\/atraktivnyvidiek.sk\/index.php?rest_route=\/wp\/v2\/pages\/669\/revisions\/769"}],"wp:attachment":[{"href":"https:\/\/atraktivnyvidiek.sk\/index.php?rest_route=%2Fwp%2Fv2%2Fmedia&parent=669"}],"curies":[{"name":"wp","href":"https:\/\/api.w.org\/{rel}","templated":true}]}}